{"id":14,"date":"2023-08-22T09:34:10","date_gmt":"2023-08-22T07:34:10","guid":{"rendered":"https:\/\/centrodonazionecorpo.unibs.it\/?page_id=14"},"modified":"2025-09-30T08:35:07","modified_gmt":"2025-09-30T06:35:07","slug":"chi-siamo","status":"publish","type":"page","link":"https:\/\/centrodonazionecorpo.unibs.it\/index.php\/chi-siamo\/","title":{"rendered":"Chi siamo"},"content":{"rendered":"\n<div class=\"wp-block-columns is-layout-flex wp-container-core-columns-is-layout-9d6595d7 wp-block-columns-is-layout-flex\">\n<div class=\"wp-block-column is-layout-flow wp-block-column-is-layout-flow\"><\/div>\n\n\n\n<div class=\"wp-block-column is-layout-flow wp-block-column-is-layout-flow\">\n<figure class=\"wp-block-image size-full\"><img fetchpriority=\"high\" decoding=\"async\" width=\"752\" height=\"531\" src=\"https:\/\/centrodonazionecorpo.unibs.it\/wp-content\/uploads\/2024\/10\/Targa-1.png\" alt=\"\" class=\"wp-image-174\" srcset=\"https:\/\/centrodonazionecorpo.unibs.it\/wp-content\/uploads\/2024\/10\/Targa-1.png 752w, https:\/\/centrodonazionecorpo.unibs.it\/wp-content\/uploads\/2024\/10\/Targa-1-300x212.png 300w\" sizes=\"(max-width: 752px) 100vw, 752px\" \/><\/figure>\n<\/div>\n\n\n\n<div class=\"wp-block-column is-layout-flow wp-block-column-is-layout-flow\"><\/div>\n<\/div>\n\n\n\n<p>Dalla nascita nel 2001, il Settorato Anatomico, ora Centro di Riferimento per la conservazione e preservazione dei corpi dei defunti, individua, in questo motto la sua &nbsp;&nbsp;Mission:<\/p>\n\n\n\n<p><strong><em>Vediamo solo quello che conosciamo (Goethe, Introduzione Rivista d\u2019arte \u201cPropyl\u00e4en\u201d, 1798)<\/em><\/strong><\/p>\n\n\n\n<p>Gli afferenti al Centro, come appartenenti alla Faculty sotto riportata nel dettaglio, hanno fatta loro questa frase in quanto sono convinti che la conoscenza topografica delle strutture anatomiche sia indispensabile per prevedere e curare le relative complicazioni.<\/p>\n\n\n\n<p>Con questi presupposti, il Centro ha come prerequisiti:<\/p>\n\n\n\n<ol class=\"wp-block-list\">\n<li>fornire agli studenti dei Corsi di Studio in Medicina e Chirurgia, Odontoiatria e Protesi Dentaria, i primi approcci all\u2019Anatomia Settoria su \u201cspecimens\u201d fissati considerando i distretti corporei pi\u00f9 utili e consoni alla loro professione futura;<\/li>\n\n\n\n<li>effettuare Corsi in collaborazione con numerosi Esperti in differenti Settori chirurgici\/clinici, al fine di verificare le tecniche chirurgiche e, non solo, direttamente sugli \u201cspecimens non fissati\u201d con gli strumenti ed i materiali resi disponibili durante gli stessi Corsi. I discenti avevano ed avranno la possibilit\u00e0 di verificare le loro conoscenze anatomiche e di essere operativi in prima persona, mediante la dissezione per piani con la supervisione del gruppo degli Anatomici coinvolti e dei Colleghi Esperti, Coordinatori dei Corsi di formazione.<\/li>\n<\/ol>\n\n\n\n<p class=\"has-medium-font-size\"><strong>Faculty<\/strong><\/p>\n\n\n\n<p>Al Centro di Riferimento per la conservazione e preservazione dei corpi dei defunti afferiscono le seguenti figure professionali (Sezione di Anatomia e Fisiopatologia del Dipartimento di Scienze Cliniche e Sperimentale \u2013 Universit\u00e0 degli Studi di Brescia) come da verbale dell\u2019Attivit\u00e0 Ispettiva ex art. 2 Decreto Ministeriale Sottosegretario di Stato alla salute On. Sileri del 23.08.2021.<\/p>\n\n\n\n<p>Referente scientifico: Prof. Ordinario del Settore BIOS-12\/A: Rita Rezzani;<\/p>\n\n\n\n<p>Referente per le attivit\u00e0 tecnico amministrative: Giugno Lorena;<\/p>\n\n\n\n<div style=\"height:50px\" aria-hidden=\"true\" class=\"wp-block-spacer\"><\/div>\n\n\n\n<p class=\"has-text-align-left has-medium-font-size\"><strong>Luigi Fabrizio Rodella<\/strong><\/p>\n\n\n\n<figure class=\"wp-block-image size-large\"><img decoding=\"async\" width=\"1024\" height=\"364\" src=\"https:\/\/centrodonazionecorpo.unibs.it\/wp-content\/uploads\/2024\/10\/lrodella-1024x364.png\" alt=\"\" class=\"wp-image-180\" srcset=\"https:\/\/centrodonazionecorpo.unibs.it\/wp-content\/uploads\/2024\/10\/lrodella-1024x364.png 1024w, https:\/\/centrodonazionecorpo.unibs.it\/wp-content\/uploads\/2024\/10\/lrodella-300x107.png 300w, https:\/\/centrodonazionecorpo.unibs.it\/wp-content\/uploads\/2024\/10\/lrodella-768x273.png 768w, https:\/\/centrodonazionecorpo.unibs.it\/wp-content\/uploads\/2024\/10\/lrodella.png 1180w\" sizes=\"(max-width: 1024px) 100vw, 1024px\" \/><\/figure>\n\n\n\n<p><em>L\u2019Universit\u00e0 degli Studi di Brescia \u00e8 in lutto per la scomparsa del Prof. Luigi Fabrizio Rodella. \u00c8 mancato il 21 settembre scorso lasciando un vuoto in tutta la comunit\u00e0 universitaria. Laureato in Scienze Biologiche ed in Medicina e Chirurgia, con Specializzazione in Patologia Generale era Presidente del Corso di laurea in Medicina e Chirurgia, compito oneroso cui si \u00e8 dedicato con passione fino all\u2019ultimo. Di questo gli sono particolarmente grato, perch\u00e9 si dedicava con passione, pur nella sofferenza, ad un compito di grande rilievo per la nostra Universit\u00e0 e per il futuro della formazione medica nel nostro Paese. Il Professor Rodella ha iniziato la sua carriera presso l\u2019Universit\u00e0 degli Studi di Pavia e la sua attivit\u00e0 scientifica come tirocinante presso l&#8217;Istituto di Anatomia Comparata della stessa Universit\u00e0, dove ha appreso le tradizionali tecniche dell&#8217;indagine morfologica ed acquisito una specifica competenza anatomica. Gi\u00e0 in quel lontano 1984 aveva dimostrato di essere un giovane forte e deciso alla ricerca di una verit\u00e0 che lo ha portato ad accettare con coscienza e lucidit\u00e0 tutte le vicende della vita. Questa sua sete di sapere, il suo spirito creativo ed il profondo interesse per la storia lo avevano subito indotto a frequentare con assiduit\u00e0 i laboratori ed il Museo di Storia Naturale dello stesso Istituto. La sua passione per l\u2019anatomia \u00e8, quindi, nata proprio tra quelle mura ed \u00e8 proseguita e terminata prematuramente presso l\u2019Universit\u00e0 degli Studi di Brescia alla quale ha dato i sui anni, giorni e notti migliori. Convinto che le conoscenze scientifiche siano la base per un futuro migliore e che anche il settore scientifico a cui apparteneva poteva essere l\u2019emblema di questo, lascia un&#8217;eredit\u00e0 di grandissimo valore alla comunit\u00e0 scientifica ed istituzionale. Ha insegnato che tutti sono capaci con forza e dedizione di raggiungere grandi obiettivi e posizioni eccellenti, per poter fare qualcosa di grande per gli altri. Lascia un vuoto intriso dei suoi sorrisi, di cui non ha mai privato nessuno. Le sue capacit\u00e0 umane e scientifiche, innate ed acquisite, lo hanno reso un grande Maestro, che la nostra comunit\u00e0 additer\u00e0 alle future generazioni.<\/em><\/p>\n\n\n\n<div style=\"height:100px\" aria-hidden=\"true\" class=\"wp-block-spacer\"><\/div>\n\n\n\n<div data-wp-interactive=\"core\/file\" class=\"wp-block-file\"><object data-wp-bind--hidden=\"!state.hasPdfPreview\" hidden class=\"wp-block-file__embed\" data=\"https:\/\/centrodonazionecorpo.unibs.it\/wp-content\/uploads\/2024\/12\/ATTO-LUGLIO-2024.pdf\" type=\"application\/pdf\" style=\"width:100%;height:600px\" aria-label=\"Incorporamento di ATTO LUGLIO 2024.\"><\/object><a id=\"wp-block-file--media-a6b0d6c3-9529-4e2f-a815-a284c36d7a25\" href=\"https:\/\/centrodonazionecorpo.unibs.it\/wp-content\/uploads\/2024\/12\/ATTO-LUGLIO-2024.pdf\">ATTO LUGLIO 2024<\/a><\/div>\n","protected":false},"excerpt":{"rendered":"<p>Dalla nascita nel 2001, il Settorato Anatomico, ora Centro di Riferimento per la conservazione e preservazione dei corpi dei defunti, individua, in questo motto la sua &nbsp;&nbsp;Mission: Vediamo solo quello che conosciamo (Goethe, Introduzione Rivista d\u2019arte \u201cPropyl\u00e4en\u201d, 1798) Gli afferenti al Centro, come appartenenti alla Faculty sotto riportata nel dettaglio, hanno fatta loro questa frase [&hellip;]<\/p>\n","protected":false},"author":1,"featured_media":0,"parent":0,"menu_order":0,"comment_status":"closed","ping_status":"closed","template":"","meta":{"footnotes":""},"class_list":["post-14","page","type-page","status-publish","hentry"],"_links":{"self":[{"href":"https:\/\/centrodonazionecorpo.unibs.it\/index.php\/wp-json\/wp\/v2\/pages\/14","targetHints":{"allow":["GET"]}}],"collection":[{"href":"https:\/\/centrodonazionecorpo.unibs.it\/index.php\/wp-json\/wp\/v2\/pages"}],"about":[{"href":"https:\/\/centrodonazionecorpo.unibs.it\/index.php\/wp-json\/wp\/v2\/types\/page"}],"author":[{"embeddable":true,"href":"https:\/\/centrodonazionecorpo.unibs.it\/index.php\/wp-json\/wp\/v2\/users\/1"}],"replies":[{"embeddable":true,"href":"https:\/\/centrodonazionecorpo.unibs.it\/index.php\/wp-json\/wp\/v2\/comments?post=14"}],"version-history":[{"count":18,"href":"https:\/\/centrodonazionecorpo.unibs.it\/index.php\/wp-json\/wp\/v2\/pages\/14\/revisions"}],"predecessor-version":[{"id":347,"href":"https:\/\/centrodonazionecorpo.unibs.it\/index.php\/wp-json\/wp\/v2\/pages\/14\/revisions\/347"}],"wp:attachment":[{"href":"https:\/\/centrodonazionecorpo.unibs.it\/index.php\/wp-json\/wp\/v2\/media?parent=14"}],"curies":[{"name":"wp","href":"https:\/\/api.w.org\/{rel}","templated":true}]}}