{"id":279,"date":"2024-12-18T14:32:28","date_gmt":"2024-12-18T13:32:28","guid":{"rendered":"https:\/\/centrodonazionecorpo.unibs.it\/?page_id=279"},"modified":"2024-12-18T15:28:38","modified_gmt":"2024-12-18T14:28:38","slug":"donare-il-corpo","status":"publish","type":"page","link":"https:\/\/centrodonazionecorpo.unibs.it\/index.php\/donare-il-corpo\/","title":{"rendered":"Donare il Corpo"},"content":{"rendered":"\n<p class=\"has-text-align-center has-black-color has-text-color has-link-color has-medium-font-size wp-elements-e1fcb5702ba7cc9d3bbd0d163cecdeee\"><strong><br>PROCEDURA PER L&#8217;ACQUISIZIONE DEL CORPO POST-MORTEM A FINI DI DIDATTICA<\/strong><\/p>\n\n\n\n<p class=\"has-text-align-center has-black-color has-text-color has-link-color has-medium-font-size wp-elements-06c76d526200818ec2a4afff6c84f64a\"><strong>FORMAZIONE E RICERCA<\/strong><\/p>\n\n\n\n<div style=\"height:24px\" aria-hidden=\"true\" class=\"wp-block-spacer\"><\/div>\n\n\n\t\t\t\t\t\t<style>\r\n\t\t\t\t<style>\r\n#wpsm_accordion_286 .wpsm_panel-heading{\r\n\tpadding:0px !important;\r\n}\r\n#wpsm_accordion_286 .wpsm_panel-title {\r\n\tmargin:0px !important; \r\n\ttext-transform:none !important;\r\n\tline-height: 1 !important;\r\n}\r\n#wpsm_accordion_286 .wpsm_panel-title a{\r\n\ttext-decoration:none;\r\n\toverflow:hidden;\r\n\tdisplay:block;\r\n\tpadding:0px;\r\n\tfont-size: 18px !important;\r\n\tfont-family: Open Sans !important;\r\n\tcolor:#000000 !important;\r\n\tborder-bottom:0px !important;\r\n}\r\n\r\n#wpsm_accordion_286 .wpsm_panel-title a:focus {\r\noutline: 0px !important;\r\n}\r\n\r\n#wpsm_accordion_286 .wpsm_panel-title a:hover, #wpsm_accordion_286 .wpsm_panel-title a:focus {\r\n\tcolor:#000000 !important;\r\n}\r\n#wpsm_accordion_286 .acc-a{\r\n\tcolor: #000000 !important;\r\n\tbackground-color:#e8e8e8 !important;\r\n\tborder-color: #ddd;\r\n}\r\n#wpsm_accordion_286 .wpsm_panel-default > .wpsm_panel-heading{\r\n\tcolor: #000000 !important;\r\n\tbackground-color: #e8e8e8 !important;\r\n\tborder-color: #e8e8e8 !important;\r\n\tborder-top-left-radius: 0px;\r\n\tborder-top-right-radius: 0px;\r\n}\r\n#wpsm_accordion_286 .wpsm_panel-default {\r\n\t\tborder:1px solid transparent !important;\r\n\t}\r\n#wpsm_accordion_286 {\r\n\tmargin-bottom: 20px;\r\n\toverflow: hidden;\r\n\tfloat: none;\r\n\twidth: 100%;\r\n\tdisplay: block;\r\n}\r\n#wpsm_accordion_286 .ac_title_class{\r\n\tdisplay: block;\r\n\tpadding-top: 12px;\r\n\tpadding-bottom: 12px;\r\n\tpadding-left: 15px;\r\n\tpadding-right: 15px;\r\n}\r\n#wpsm_accordion_286  .wpsm_panel {\r\n\toverflow:hidden;\r\n\t-webkit-box-shadow: 0 0px 0px rgba(0, 0, 0, .05);\r\n\tbox-shadow: 0 0px 0px rgba(0, 0, 0, .05);\r\n\t\tborder-radius: 4px;\r\n\t}\r\n#wpsm_accordion_286  .wpsm_panel + .wpsm_panel {\r\n\t\tmargin-top: 5px;\r\n\t}\r\n#wpsm_accordion_286  .wpsm_panel-body{\r\n\tbackground-color:#ffffff !important;\r\n\tcolor:#000000 !important;\r\n\tborder-top-color: #e8e8e8 !important;\r\n\tfont-size:16px !important;\r\n\tfont-family: Open Sans !important;\r\n\toverflow: hidden;\r\n\t\tborder: 2px solid #e8e8e8 !important;\r\n\t}\r\n\r\n#wpsm_accordion_286 .ac_open_cl_icon{\r\n\tbackground-color:#e8e8e8 !important;\r\n\tcolor: #000000 !important;\r\n\tfloat:right !important;\r\n\tpadding-top: 12px !important;\r\n\tpadding-bottom: 12px !important;\r\n\tline-height: 1.0 !important;\r\n\tpadding-left: 15px !important;\r\n\tpadding-right: 15px !important;\r\n\tdisplay: inline-block !important;\r\n}\r\n\r\n\t\t\t\r\n\t\t\t<\/style>\t\r\n\t\t\t<\/style>\r\n\t\t\t<div class=\"wpsm_panel-group\" id=\"wpsm_accordion_286\" >\r\n\t\t\t\t\t\t\t\t\r\n\t\t\t\t\t<!-- Inner panel Start -->\r\n\t\t\t\t\t<div class=\"wpsm_panel wpsm_panel-default\">\r\n\t\t\t\t\t\t<div class=\"wpsm_panel-heading\" role=\"tab\" >\r\n\t\t\t\t\t\t  <h4 class=\"wpsm_panel-title\">\r\n\t\t\t\t\t\t\t<a  class=\"\"  data-toggle=\"collapse\" data-parent=\"#wpsm_accordion_286 \" href=\"javascript:void(0)\" data-target=\"#ac_286_collapse1\" onclick=\"do_resize()\">\r\n\t\t\t\t\t\t\t\t\t\t\t\t\t\t\t\t\t<span class=\"ac_open_cl_icon fa fa-minus\"><\/span>\r\n\t\t\t\t\t\t\t\t\t\r\n\t\t\t\t\t\t\t\t \r\n\t\t\t\t\t\t\t\t<span class=\"ac_title_class\">\r\n\t\t\t\t\t\t\t\t\t1. INTRODUZIONE\t\t\t\t\t\t\t\t<\/span>\r\n\t\t\t\t\t\t\t<\/a>\r\n\t\t\t\t\t\t  <\/h4>\r\n\t\t\t\t\t\t<\/div>\r\n\t\t\t\t\t\t<div id=\"ac_286_collapse1\" class=\"wpsm_panel-collapse collapse in\"  >\r\n\t\t\t\t\t\t  <div class=\"wpsm_panel-body\">\r\n\t\t\t\t\t\t\tPer donazione del corpo post-mortem si intende I'utilizzo del corpo del defunto, per un periodo di tempo definito, a fini di studio, di formazione e di ricerca scientifica da parte di un Centro di Riferimento specificamente autorizzato dal Ministero della Salute.<br>\r\n<br>\r\nI Centri di Riferimento sino ad oggi identificati in Italia sono sette, tra cui quello afferente al Settorato Anatomico \"Prof. Luigi Fabrizio Rodella\" dell'Universita degli Studi di Brescia (da qui innanzi \"Centro\").<br>\r\n<br>\r\nLe attivita dei Centri di Riferimento sono disciplinate dalla legge n. 10 del 10\/02\/20 (\"Norme in materia di disposizione del proprio corpo e dei tessuti post mortem afini di studio, di formazione e di ricerca scientifica\" ) e dal DPR n. 47 del 10\/02\/23 (\"Regolamento recante norme in materia di disposizione del proprio corpo e dei tessuti post mortem afini di studio, di formazione e di ricerca scientifica\" ).\t\t\t\t\t\t  <\/div>\r\n\t\t\t\t\t\t<\/div>\r\n\t\t\t\t\t<\/div>\r\n\t\t\t\t\t<!-- Inner panel End -->\r\n\t\t\t\t\t\r\n\t\t\t\t\t\t\t\t\r\n\t\t\t\t\t<!-- Inner panel Start -->\r\n\t\t\t\t\t<div class=\"wpsm_panel wpsm_panel-default\">\r\n\t\t\t\t\t\t<div class=\"wpsm_panel-heading\" role=\"tab\" >\r\n\t\t\t\t\t\t  <h4 class=\"wpsm_panel-title\">\r\n\t\t\t\t\t\t\t<a  class=\"collapsed\"  data-toggle=\"collapse\" data-parent=\"#wpsm_accordion_286 \" href=\"javascript:void(0)\" data-target=\"#ac_286_collapse2\" onclick=\"do_resize()\">\r\n\t\t\t\t\t\t\t\t\t\t\t\t\t\t\t\t\t<span class=\"ac_open_cl_icon fa fa-plus\"><\/span>\r\n\t\t\t\t\t\t\t\t\t\r\n\t\t\t\t\t\t\t\t \r\n\t\t\t\t\t\t\t\t<span class=\"ac_title_class\">\r\n\t\t\t\t\t\t\t\t\t2. LA VOLONTA DEL DISPONENTE\t\t\t\t\t\t\t\t<\/span>\r\n\t\t\t\t\t\t\t<\/a>\r\n\t\t\t\t\t\t  <\/h4>\r\n\t\t\t\t\t\t<\/div>\r\n\t\t\t\t\t\t<div id=\"ac_286_collapse2\" class=\"wpsm_panel-collapse collapse \"  >\r\n\t\t\t\t\t\t  <div class=\"wpsm_panel-body\">\r\n\t\t\t\t\t\t\tLa DPM (Disposizione del Proprio Corpo Post Mortem) \u00e8 l'atto attraverso il quale una persona esprime in vita la volont\u00e0 di donare il proprio corpo e i propri tessuti, dopo la morte, per finalit\u00e0 di studio, formazione medica e ricerca scientifica. Questa scelta, regolata dalla Legge 10 febbraio 2020, n. 10, rappresenta un gesto di alto valore etico che contribuisce al progresso della medicina.<br>\r\n<br>\r\nDi seguito vengono illustrati i passaggi fondamentali per la redazione, la consegna e la registrazione della DPM. La volont\u00e0 di donare il proprio corpo non \u00e8 vincolante e pu\u00f2 essere revocata in qualsiasi momento. Per essere valida, la \"Dichiarazione di consenso\" (DPM) deve essere redatta rispettando le medesime formalit\u00e0 previste per le DAT (Disposizioni Anticipate di Trattamento), secondo quanto stabilito dall'art. 4 della Legge 219\/2017.<br>\r\n<br>\r\nUna volta compilato, l'atto deve essere consegnato all'Azienda Sanitaria di appartenenza (ASST). \u00c8 compito di quest'ultima trasmettere telematicamente i contenuti informativi della DPM alla Banca Dati Nazionale, garantendo cos\u00ec la tracciabilit\u00e0 e la sicurezza della volont\u00e0 espressa.<br>\r\n<br>\r\nNella DPM il disponente deve obbligatoriamente indicare un fiduciario, che ha l'onere specifico di comunicare l'esistenza del consenso al medico che accerta il decesso.<br>\r\n<br>\r\nNomina e sostituzione: il disponente pu\u00f2 nominare anche un sostituto del fiduciario, che interverr\u00e0 in caso di morte, incapacit\u00e0 sopravvenuta o impossibilit\u00e0 oggettiva del fiduciario principale.<br>\r\n<br>\r\nRequisiti e accettazione: sia il fiduciario che l'eventuale sostituto devono essere maggiorenni e capaci di intendere e di volere. L'accettazione della nomina si perfeziona con la sottoscrizione della DPM stessa; una copia del documento deve essere consegnata loro.<br>\r\n<br>\r\nRinuncia: entrambe le figure possono revocare la propria disponibilit\u00e0 in qualsiasi momento, comunicandolo per iscritto al disponente.\r\n\r\nCon il Decreto 18 luglio 2024 sono state definite le modalit\u00e0 tecniche per la registrazione delle DPM in una sezione dedicata della Banca Dati Nazionale (la stessa che ospita le DAT, ma in una distinta partizione). Questo sistema digitale ha tre funzioni essenziali:<br>\r\n<br>\r\nRaccolta dei dati: archivia le informazioni anagrafiche del disponente, del fiduciario (e del sostituto), nonch\u00e9 i dettagli sulla data e sulla struttura sanitaria dove \u00e8 stato rilasciato il consenso.<br>\r\n<br>\r\nAggiornamento tempestivo: assicura che qualsiasi modifica, rinnovo o revoca della DPM venga registrata immediatamente.<br>\r\n<br>\r\nConsultazione sicura: permette l'accesso ai dati ai soggetti autorizzati, ovvero il disponente stesso, il fiduciario (e il suo sostituto) e il Centro di riferimento nazionale per la conservazione e l\u2019utilizzazione dei corpi dei defunti.\t\t\t\t\t\t  <\/div>\r\n\t\t\t\t\t\t<\/div>\r\n\t\t\t\t\t<\/div>\r\n\t\t\t\t\t<!-- Inner panel End -->\r\n\t\t\t\t\t\r\n\t\t\t\t\t\t\t\t\r\n\t\t\t\t\t<!-- Inner panel Start -->\r\n\t\t\t\t\t<div class=\"wpsm_panel wpsm_panel-default\">\r\n\t\t\t\t\t\t<div class=\"wpsm_panel-heading\" role=\"tab\" >\r\n\t\t\t\t\t\t  <h4 class=\"wpsm_panel-title\">\r\n\t\t\t\t\t\t\t<a  class=\"collapsed\"  data-toggle=\"collapse\" data-parent=\"#wpsm_accordion_286 \" href=\"javascript:void(0)\" data-target=\"#ac_286_collapse3\" onclick=\"do_resize()\">\r\n\t\t\t\t\t\t\t\t\t\t\t\t\t\t\t\t\t<span class=\"ac_open_cl_icon fa fa-plus\"><\/span>\r\n\t\t\t\t\t\t\t\t\t\r\n\t\t\t\t\t\t\t\t \r\n\t\t\t\t\t\t\t\t<span class=\"ac_title_class\">\r\n\t\t\t\t\t\t\t\t\t3. CONDIZIONI DI ESCLUSIONE DELLA DONAZIONE\t\t\t\t\t\t\t\t<\/span>\r\n\t\t\t\t\t\t\t<\/a>\r\n\t\t\t\t\t\t  <\/h4>\r\n\t\t\t\t\t\t<\/div>\r\n\t\t\t\t\t\t<div id=\"ac_286_collapse3\" class=\"wpsm_panel-collapse collapse \"  >\r\n\t\t\t\t\t\t  <div class=\"wpsm_panel-body\">\r\n\t\t\t\t\t\t\tNon si potra procedere alia donazione al ricorrere di una (o piu) delle seguenti condizioni:<br>\r\n- salme a disposizione della Autorita Giudiziaria (se non dopo rilascio di nulla osta);<br>\r\n- salme infette da HIV, HBV, HCV, TBC, sifilide, encefalopatie spongiformi, infezioni correlate all'assistenza (quando I'infezione e causa esclusiva o prevalente nel determinismo del decesso);<br>\r\n- salme infette da Sars-Cov-2 (anche solo sospetti), da infezioni correlate all'antibiotico resistenza o da infezioni emergenti;<br>\r\n- salme sottoposte a trattamenti recenti con radionuclidi;<br>\r\n- salme gia sottoposte ad autopsia (sia riscontro diagnostico che giudiziaria);<br>\r\n- salme con gravi mutilazioni ed estese ferite aperte post-traumatiche;<br>\r\n- soggetti suicidi;<br>\r\n- soggetti deceduti all'estero;<br>\r\n<br>\r\nII Centro si riserva di rifiutare il corpo in caso di:<br>\r\n- mancato ricevimento entro 5 giorni dal decesso della certificazione di assenza di malattie infettive;<br>\r\n- impossibilita che il cadavere arrivi al Centro entro 7 giorni dal decesso.<br>\t\t\t\t\t\t  <\/div>\r\n\t\t\t\t\t\t<\/div>\r\n\t\t\t\t\t<\/div>\r\n\t\t\t\t\t<!-- Inner panel End -->\r\n\t\t\t\t\t\r\n\t\t\t\t\t\t\t\t\r\n\t\t\t\t\t<!-- Inner panel Start -->\r\n\t\t\t\t\t<div class=\"wpsm_panel wpsm_panel-default\">\r\n\t\t\t\t\t\t<div class=\"wpsm_panel-heading\" role=\"tab\" >\r\n\t\t\t\t\t\t  <h4 class=\"wpsm_panel-title\">\r\n\t\t\t\t\t\t\t<a  class=\"collapsed\"  data-toggle=\"collapse\" data-parent=\"#wpsm_accordion_286 \" href=\"javascript:void(0)\" data-target=\"#ac_286_collapse4\" onclick=\"do_resize()\">\r\n\t\t\t\t\t\t\t\t\t\t\t\t\t\t\t\t\t<span class=\"ac_open_cl_icon fa fa-plus\"><\/span>\r\n\t\t\t\t\t\t\t\t\t\r\n\t\t\t\t\t\t\t\t \r\n\t\t\t\t\t\t\t\t<span class=\"ac_title_class\">\r\n\t\t\t\t\t\t\t\t\t4. OPERATIVITA\t\t\t\t\t\t\t\t<\/span>\r\n\t\t\t\t\t\t\t<\/a>\r\n\t\t\t\t\t\t  <\/h4>\r\n\t\t\t\t\t\t<\/div>\r\n\t\t\t\t\t\t<div id=\"ac_286_collapse4\" class=\"wpsm_panel-collapse collapse \"  >\r\n\t\t\t\t\t\t  <div class=\"wpsm_panel-body\">\r\n\t\t\t\t\t\t\tIn caso di decesso del disponente, il fiduciario (o il suo sostituto) deve informare il medico necroscopo della \"Dichiarazione di consenso\" del disponente; il medico necroscopo, ricevuta la suddetta comunicazione, previo accertamento della realta della morte con criterio cardiologico, provvede al trasferimento della salma in cella frigorifera ed a contattare altrettanto tempestivamente il Centro. II medico necroscopo provvede altresi a compilare il modulo di \"Comunicazione di potenziale donatore del proprio corpo post-mortem\" e ad inviarlo al Centro.<br>\r\n<br>\r\nII Centro consulta la Banca Dati delle DAT (https:\/\/dat.salute.gov.it\/portale-dat\/) per verificare la presenza della \"Dichiarazione di consenso\" del disponente ed in caso positivo, entro 48 ore inoltra alia Struttura \r\nsanitaria dove e avvenuto il decesso la richiesta di acquisizione del corpo.<br>\r\n<br>\r\nLa Struttura Sanitaria trasmette al Centro:\r\n- I'autorizzazione al conferimento del corpo al Centro;<br>\r\n- il certificate di constatazione di decesso (o relazione di morte in caso di decesso in struttura sanitaria);<br>\r\n- la denuncia di causa di morte (scheda ISTAT);<br>\r\n- il certificate necroscopico;<br>\r\n- una certificazione attestante I'assenza di condizioni che precludono la donazione (a cura del medico curante e\/o del medico necroscopo);<br>\r\n- eventuale documentazione sanitaria del defunto.<br>\r\nII Centro puo chiedere ulteriore documentazione sanitaria (sia a strutture sanitarie che al Medico di Medicina Generale del defunto). La documentazione sanitaria deve essere conservata dal Centro per almeno 10 anni dalla data di decesso del disponente.<br>\r\nLa Struttura Sanitaria invia al Comune dove e avvenuto il decesso la copia dell'autorizzazione al\r\nconferimento del corpo al Centro e richiede il rilascio della autorizzazione al trasporto del corpo al\r\nCentro.<br>\r\nII Centro che riceve il corpo lo deve identificare, deve attestarne lo stato e registrare la relativa\r\ndocumentazione. Per ragioni pratiche e preferibile che la salma arrivi priva di indumenti e semplicemente avvolta in un lenzuolo.<br>\r\n<br>\r\nValutate le condizioni del cadavere il personale del Centro decide il destino del corpo, stabilendo quindi anche I'adeguata modalita di conservazione. In particolare, il corpo potra essere congelato o sottoposto ad imbalsamazione mediante perfusione (iniezione di liquido fissativo attraverso un'arteria) a scopo conservative. Tutte le attivita verranno svolte nel pieno rispetto della dignita del corpo, evitando mutilazioni e dissezioni non necessarie.\t\t\t\t\t\t  <\/div>\r\n\t\t\t\t\t\t<\/div>\r\n\t\t\t\t\t<\/div>\r\n\t\t\t\t\t<!-- Inner panel End -->\r\n\t\t\t\t\t\r\n\t\t\t\t\t\t\t\t\r\n\t\t\t\t\t<!-- Inner panel Start -->\r\n\t\t\t\t\t<div class=\"wpsm_panel wpsm_panel-default\">\r\n\t\t\t\t\t\t<div class=\"wpsm_panel-heading\" role=\"tab\" >\r\n\t\t\t\t\t\t  <h4 class=\"wpsm_panel-title\">\r\n\t\t\t\t\t\t\t<a  class=\"collapsed\"  data-toggle=\"collapse\" data-parent=\"#wpsm_accordion_286 \" href=\"javascript:void(0)\" data-target=\"#ac_286_collapse5\" onclick=\"do_resize()\">\r\n\t\t\t\t\t\t\t\t\t\t\t\t\t\t\t\t\t<span class=\"ac_open_cl_icon fa fa-plus\"><\/span>\r\n\t\t\t\t\t\t\t\t\t\r\n\t\t\t\t\t\t\t\t \r\n\t\t\t\t\t\t\t\t<span class=\"ac_title_class\">\r\n\t\t\t\t\t\t\t\t\t5. PROCESSAMENTO DEL CADAVERE\t\t\t\t\t\t\t\t<\/span>\r\n\t\t\t\t\t\t\t<\/a>\r\n\t\t\t\t\t\t  <\/h4>\r\n\t\t\t\t\t\t<\/div>\r\n\t\t\t\t\t\t<div id=\"ac_286_collapse5\" class=\"wpsm_panel-collapse collapse \"  >\r\n\t\t\t\t\t\t  <div class=\"wpsm_panel-body\">\r\n\t\t\t\t\t\t\tII principale metodo di conservazione dei cadaveri avviene mediante fissazione.\r\nVengono utilizzati due metodi principali di conservazione intravascolare:\r\n\u2022 conservazione in formalina carbolica per le preparazioni dei corsi di dissezione\r\n\u2022 conservazione con alcool e glicerina per i cadaveri in cui risulta essere importante valorizzare la componente muscolo-scheletrica. Se necessario il corpo o distretti dello stesso possono essere preventivamente iniettati con resine coloranti con lo scopo di evidenziare meglio la componente vascolare.\r\n\r\nIn entrambi i casi per la conservazione intravascolare si utilizza come punto di accesso I'arteria femorale destra o sinistra distale alio iato safenico. Un raccordo a T viene legato all'arteria e collegato alia soluzione di conservazione corrispondente. La conservazione viene effettuata mediante instillazione senza pressione di 10-12 L di soluzione di conservazione.\r\n\r\nSe I'accesso tramite arteria non e disponibile (aterosclerosi, altri interventi) si puo utilizzare un\r\naccesso venoso, sempre a livello femorale.<br>\r\n<br>\r\n<strong>5.1 Composizione delle soluzioni utilizzate<\/strong>\r\n<br>\r\nSoluzione carbolica di formalina\r\n<table width=\"857\">\r\n<tbody>\r\n<tr>\r\n<td colspan=\"2\" width=\"352\">Sostanza<\/td>\r\n<td width=\"33\">%<\/td>\r\n<td width=\"236\">Litri<\/td>\r\n<td width=\"236\">Concentrazione finale in %<\/td>\r\n<\/tr>\r\n<tr>\r\n<td>Formalina<\/td>\r\n<td>Formaldeide in soluzione acquosa<\/td>\r\n<td>37<\/td>\r\n<td>13,0<\/td>\r\n<td>3,21<\/td>\r\n<\/tr>\r\n<tr>\r\n<td>Carbol<\/td>\r\n<td>Fenolo in soluzione acquosa<\/td>\r\n<td>90<\/td>\r\n<td>5,5<\/td>\r\n<td>3,3<\/td>\r\n<\/tr>\r\n<tr>\r\n<td>Aqua dest.<\/td>\r\n<td>(ad 150 litri)<\/td>\r\n<td><\/td>\r\n<td>131,5<\/td>\r\n<td><\/td>\r\n<\/tr>\r\n<\/tbody>\r\n<\/table>\r\n<br>\r\nSoluzione di alcol-glicerina<br>\r\n<table width=\"528\">\r\n<tbody>\r\n<tr>\r\n<td width=\"193\">Sostanza<\/td>\r\n<td width=\"29\">%<\/td>\r\n<td width=\"70\">Litri<\/td>\r\n<td width=\"236\">Concentrazione finale in %<\/td>\r\n<\/tr>\r\n<tr>\r\n<td width=\"193\">Alcool denat.<\/td>\r\n<td>96<\/td>\r\n<td>9,6375<\/td>\r\n<td>92,52<\/td>\r\n<\/tr>\r\n<tr>\r\n<td width=\"193\">Glicerina<\/td>\r\n<td width=\"29\">85<\/td>\r\n<td width=\"70\">0,3000<\/td>\r\n<td>2,55<\/td>\r\n<\/tr>\r\n<tr>\r\n<td width=\"193\">Carbol<\/td>\r\n<td width=\"29\">96<\/td>\r\n<td width=\"70\">0,0625<\/td>\r\n<td>0,60<\/td>\r\n<\/tr>\r\n<\/tbody>\r\n<\/table><br>\r\n<br>\r\nSuccessivamente alia prima fissazione per infusione (che dura circa 12 ore), il corpo viene immerso\r\nin apposite vasche in soluzione carbolica al 5% dove rimane per circa tre-sei mesi al fine di\r\ncompletare il processo di fissazione.\r\nSuccessivamente, i preparati vengono sigillati in pellicole di plastica con I'aggiunta di una soluzione\r\ndi conservazione e conservati.\t\t\t\t\t\t  <\/div>\r\n\t\t\t\t\t\t<\/div>\r\n\t\t\t\t\t<\/div>\r\n\t\t\t\t\t<!-- Inner panel End -->\r\n\t\t\t\t\t\r\n\t\t\t\t\t\t\t\t\r\n\t\t\t\t\t<!-- Inner panel Start -->\r\n\t\t\t\t\t<div class=\"wpsm_panel wpsm_panel-default\">\r\n\t\t\t\t\t\t<div class=\"wpsm_panel-heading\" role=\"tab\" >\r\n\t\t\t\t\t\t  <h4 class=\"wpsm_panel-title\">\r\n\t\t\t\t\t\t\t<a  class=\"collapsed\"  data-toggle=\"collapse\" data-parent=\"#wpsm_accordion_286 \" href=\"javascript:void(0)\" data-target=\"#ac_286_collapse6\" onclick=\"do_resize()\">\r\n\t\t\t\t\t\t\t\t\t\t\t\t\t\t\t\t\t<span class=\"ac_open_cl_icon fa fa-plus\"><\/span>\r\n\t\t\t\t\t\t\t\t\t\r\n\t\t\t\t\t\t\t\t \r\n\t\t\t\t\t\t\t\t<span class=\"ac_title_class\">\r\n\t\t\t\t\t\t\t\t\t6. UTILIZZO DEI CORPI\t\t\t\t\t\t\t\t<\/span>\r\n\t\t\t\t\t\t\t<\/a>\r\n\t\t\t\t\t\t  <\/h4>\r\n\t\t\t\t\t\t<\/div>\r\n\t\t\t\t\t\t<div id=\"ac_286_collapse6\" class=\"wpsm_panel-collapse collapse \"  >\r\n\t\t\t\t\t\t  <div class=\"wpsm_panel-body\">\r\n\t\t\t\t\t\t\tI cadaveri vengono utilizzati presso il Centro essenzialmente per i seguenti compiti:\r\n\u2022 Didattica<br>\r\n- visione durante le lezioni;<br>\r\n- corsi di dissezione;<br>\r\n\u2022 Ricerca<br>\r\n- progetti della Sezione stessa;<br>\r\n- progetti in cooperazione;<br>\r\n\u2022 Formazione continua\r\n- corsi di alta specializzazione;<br>\r\n- master.\t\t\t\t\t\t  <\/div>\r\n\t\t\t\t\t\t<\/div>\r\n\t\t\t\t\t<\/div>\r\n\t\t\t\t\t<!-- Inner panel End -->\r\n\t\t\t\t\t\r\n\t\t\t\t\t\t\t\t\r\n\t\t\t\t\t<!-- Inner panel Start -->\r\n\t\t\t\t\t<div class=\"wpsm_panel wpsm_panel-default\">\r\n\t\t\t\t\t\t<div class=\"wpsm_panel-heading\" role=\"tab\" >\r\n\t\t\t\t\t\t  <h4 class=\"wpsm_panel-title\">\r\n\t\t\t\t\t\t\t<a  class=\"collapsed\"  data-toggle=\"collapse\" data-parent=\"#wpsm_accordion_286 \" href=\"javascript:void(0)\" data-target=\"#ac_286_collapse7\" onclick=\"do_resize()\">\r\n\t\t\t\t\t\t\t\t\t\t\t\t\t\t\t\t\t<span class=\"ac_open_cl_icon fa fa-plus\"><\/span>\r\n\t\t\t\t\t\t\t\t\t\r\n\t\t\t\t\t\t\t\t \r\n\t\t\t\t\t\t\t\t<span class=\"ac_title_class\">\r\n\t\t\t\t\t\t\t\t\t7. COSA ACCADE AL CORPO AL TERMINE DEL PERIODO DI STUDIO E RICERCA\t\t\t\t\t\t\t\t<\/span>\r\n\t\t\t\t\t\t\t<\/a>\r\n\t\t\t\t\t\t  <\/h4>\r\n\t\t\t\t\t\t<\/div>\r\n\t\t\t\t\t\t<div id=\"ac_286_collapse7\" class=\"wpsm_panel-collapse collapse \"  >\r\n\t\t\t\t\t\t  <div class=\"wpsm_panel-body\">\r\n\t\t\t\t\t\t\tII corpo deve essere restituito ai famigliari non oltre 12 mesi dalla data di consegna. Se la famiglia non lo richiede, il Centro deve tarsi carico della sepoltura (e dell'eventuale cremazione) nel luogo dove e avvenuto il decesso.\t\t\t\t\t\t  <\/div>\r\n\t\t\t\t\t\t<\/div>\r\n\t\t\t\t\t<\/div>\r\n\t\t\t\t\t<!-- Inner panel End -->\r\n\t\t\t\t\t\r\n\t\t\t\t\t\t\t\t\r\n\t\t\t\t\t<!-- Inner panel Start -->\r\n\t\t\t\t\t<div class=\"wpsm_panel wpsm_panel-default\">\r\n\t\t\t\t\t\t<div class=\"wpsm_panel-heading\" role=\"tab\" >\r\n\t\t\t\t\t\t  <h4 class=\"wpsm_panel-title\">\r\n\t\t\t\t\t\t\t<a  class=\"collapsed\"  data-toggle=\"collapse\" data-parent=\"#wpsm_accordion_286 \" href=\"javascript:void(0)\" data-target=\"#ac_286_collapse8\" onclick=\"do_resize()\">\r\n\t\t\t\t\t\t\t\t\t\t\t\t\t\t\t\t\t<span class=\"ac_open_cl_icon fa fa-plus\"><\/span>\r\n\t\t\t\t\t\t\t\t\t\r\n\t\t\t\t\t\t\t\t \r\n\t\t\t\t\t\t\t\t<span class=\"ac_title_class\">\r\n\t\t\t\t\t\t\t\t\t8. SPESE\t\t\t\t\t\t\t\t<\/span>\r\n\t\t\t\t\t\t\t<\/a>\r\n\t\t\t\t\t\t  <\/h4>\r\n\t\t\t\t\t\t<\/div>\r\n\t\t\t\t\t\t<div id=\"ac_286_collapse8\" class=\"wpsm_panel-collapse collapse \"  >\r\n\t\t\t\t\t\t  <div class=\"wpsm_panel-body\">\r\n\t\t\t\t\t\t\t1. Decesso entro il territorio del comune di Brescia e del suo hinterland (Comuni di Borgosatollo, Botticino, Bovezzo, Castelmella, Castenedolo, Cellatica, Collebeato, Concesio, Flero, Gussago, Nave, Rezzato, Roncadelle, San Zeno Naviglio): il Centro si fa carico delle seguenti spese:<br>\r\nacquisizione della documentazione necessaria al trasporto e trasporto della salma dal luogo del decesso al Centro; fornitura del feretro, cremazione o inumazione (ad esclusione di spese per concessioni cimiteriali, lapidi, opere murarie, trasporto verso cimiteri esterni al comune di Brescia o al suo hinterland).<br>\r\n<br>\r\n2. Decesso al di fuori del territorio del comune di Brescia e del suo hinterland (Comuni di Borgosatollo, Botticino, Bovezzo, Castelmella, Castenedolo, Cellatica, Collebeato, Concesio, Flero, Gussago, Nave, Rezzato, Roncadelle, San Zeno Naviglio): i familiari\/fiduciari del defunto dovranno individuare un'impresa funebre e sostenerne le spese dovute per il disbrigo delle seguenti pratiche funerarie: acquisizione della documentazione necessaria a trasporto, eventuale servizio di custodia temporanea in cella refrigerata, trasporto della salma presso il Centro. Tutte le suddette spese, debitamente documentate, saranno rimborsate dal Centro fino ad un importo massimo di 1.500,00. II Centro si fara direttamente carico delle successive spese per la cremazione o I'inumazione come specificato al punto 1.<br>\r\n<br>\r\nNon sono in nessun caso previsti compensi economici per il donatore o i parenti dello stesso.\t\t\t\t\t\t  <\/div>\r\n\t\t\t\t\t\t<\/div>\r\n\t\t\t\t\t<\/div>\r\n\t\t\t\t\t<!-- Inner panel End -->\r\n\t\t\t\t\t\r\n\t\t\t\t\t\t\t<\/div>\r\n\t\t\t\r\n<script type=\"text\/javascript\">\r\n\t\r\n\t\tfunction do_resize(){\r\n\r\n\t\t\tvar width=jQuery( '.wpsm_panel .wpsm_panel-body iframe' ).width();\r\n\t\t\tvar height=jQuery( '.wpsm_panel .wpsm_panel-body iframe' ).height();\r\n\r\n\t\t\tvar toggleSize = true;\r\n\t\t\tjQuery('iframe').animate({\r\n\t\t\t    width: toggleSize ? width : 640,\r\n\t\t\t    height: toggleSize ? height : 360\r\n\t\t\t  }, 250);\r\n\r\n\t\t\t  toggleSize = !toggleSize;\r\n\t\t}\r\n\t\t\r\n<\/script>\t\n\n\n\n<div style=\"height:100px\" aria-hidden=\"true\" class=\"wp-block-spacer\"><\/div>\n","protected":false},"excerpt":{"rendered":"<p>PROCEDURA PER L&#8217;ACQUISIZIONE DEL CORPO POST-MORTEM A FINI DI DIDATTICA FORMAZIONE E RICERCA<\/p>\n","protected":false},"author":1,"featured_media":0,"parent":0,"menu_order":0,"comment_status":"closed","ping_status":"closed","template":"","meta":{"footnotes":""},"class_list":["post-279","page","type-page","status-publish","hentry"],"_links":{"self":[{"href":"https:\/\/centrodonazionecorpo.unibs.it\/index.php\/wp-json\/wp\/v2\/pages\/279","targetHints":{"allow":["GET"]}}],"collection":[{"href":"https:\/\/centrodonazionecorpo.unibs.it\/index.php\/wp-json\/wp\/v2\/pages"}],"about":[{"href":"https:\/\/centrodonazionecorpo.unibs.it\/index.php\/wp-json\/wp\/v2\/types\/page"}],"author":[{"embeddable":true,"href":"https:\/\/centrodonazionecorpo.unibs.it\/index.php\/wp-json\/wp\/v2\/users\/1"}],"replies":[{"embeddable":true,"href":"https:\/\/centrodonazionecorpo.unibs.it\/index.php\/wp-json\/wp\/v2\/comments?post=279"}],"version-history":[{"count":9,"href":"https:\/\/centrodonazionecorpo.unibs.it\/index.php\/wp-json\/wp\/v2\/pages\/279\/revisions"}],"predecessor-version":[{"id":295,"href":"https:\/\/centrodonazionecorpo.unibs.it\/index.php\/wp-json\/wp\/v2\/pages\/279\/revisions\/295"}],"wp:attachment":[{"href":"https:\/\/centrodonazionecorpo.unibs.it\/index.php\/wp-json\/wp\/v2\/media?parent=279"}],"curies":[{"name":"wp","href":"https:\/\/api.w.org\/{rel}","templated":true}]}}